{"id":20,"date":"2007-08-04T09:36:10","date_gmt":"2007-08-04T09:36:10","guid":{"rendered":"http:\/\/www.tsv-birkenau.de\/index.php\/badminton"},"modified":"2024-09-27T10:41:56","modified_gmt":"2024-09-27T09:41:56","slug":"badminton","status":"publish","type":"page","link":"https:\/\/www.tsv-birkenau.de\/index.php\/badminton","title":{"rendered":"Badminton"},"content":{"rendered":"\n<figure class=\"wp-block-image\"><img loading=\"lazy\" decoding=\"async\" width=\"320\" height=\"240\" src=\"https:\/\/www.tsv-birkenau.de\/wp-content\/upload\/IMG_0741.jpeg\" alt=\"\" class=\"wp-image-3017\" srcset=\"https:\/\/www.tsv-birkenau.de\/wp-content\/upload\/IMG_0741.jpeg 320w, https:\/\/www.tsv-birkenau.de\/wp-content\/upload\/IMG_0741-300x225.jpeg 300w\" sizes=\"auto, (max-width: 320px) 100vw, 320px\" \/><\/figure>\n\n\n\n<p>Badminton ist eines der schnellsten R\u00fcckschlagspiele der Welt und macht gro\u00dfen Spa\u00df.&nbsp; Im Unterschied zum Federball-Spiel versucht man jedoch den Federball so im Feld des Gegners zu platzieren, dass er ihn nicht mehr erreichen kann. So haben wir an jedem Freitag gro\u00dfe Freude am gemeinsamen Spielen.<\/p>\n\n\n\n<p>Wir sind in Birkenau reine Hobby Spieler und w\u00fcrden uns \u00fcber neue Mitspieler sehr freuen.<\/p>\n\n\n\n<p><strong>TRAININGSZEITEN IN DER HERMANN-SATTLER-HALLE<\/strong><br \/>F\u00fcr Kinder und Jugendliche findet das <strong>Badminton Training immer am Freitag<\/strong> von 18:30 Uhr bis 20:00 Uhr statt.<br \/>Erwachsene spielen danach, ab 20:00 Uhr bis circa 22:00 Uhr.<\/p>\n\n\n\n<figure class=\"wp-block-image is-resized\"><img loading=\"lazy\" decoding=\"async\" width=\"320\" height=\"240\" src=\"https:\/\/www.tsv-birkenau.de\/wp-content\/upload\/IMG_0735.jpeg\" alt=\"\" class=\"wp-image-3016\" style=\"height:200px\" srcset=\"https:\/\/www.tsv-birkenau.de\/wp-content\/upload\/IMG_0735.jpeg 320w, https:\/\/www.tsv-birkenau.de\/wp-content\/upload\/IMG_0735-300x225.jpeg 300w\" sizes=\"auto, (max-width: 320px) 100vw, 320px\" \/><\/figure>\n\n\n\n<p>Mitspielen kann jede und jeder, der oder die sich gerne bewegt und vielleicht schon mal etwas Federball gespielt hat. <br \/>Gerne f\u00fchrt unser Trainer Olaf Klink in die Grundlagen des Spieles ein oder hilft auch fortgeschrittenen Spielern, sich zu verbessern.<br \/>Also keine Ber\u00fchrungs\u00e4ngste, ein paar Sportschuhe und Sportkleidung hat doch eigentlich jeder.<br \/>Badmintonschl\u00e4ger zum Kennenlernen des Sportes sind in Birkenau vorhanden.<\/p>\n\n\n\n<p>Also bis kommenden Freitag!<\/p>\n\n\n\n<p><strong>Ansprechpartner<\/strong> ist <br \/>Olaf Klink<br \/>Tel: +49 1520 2799380<br \/>email: olaf.klink@web.de<\/p>\n","protected":false},"excerpt":{"rendered":"<p>Badminton ist eines der schnellsten R\u00fcckschlagspiele der Welt und macht gro\u00dfen Spa\u00df.&nbsp; Im Unterschied zum Federball-Spiel versucht man jedoch den Federball so im Feld des Gegners zu platzieren, dass er [&hellip;]<\/p>\n","protected":false},"author":2,"featured_media":0,"parent":0,"menu_order":3,"comment_status":"closed","ping_status":"closed","template":"","meta":{"_uag_custom_page_level_css":"","site-sidebar-layout":"default","site-content-layout":"","ast-site-content-layout":"default","site-content-style":"default","site-sidebar-style":"default","ast-global-header-display":"","ast-banner-title-visibility":"","ast-main-header-display":"","ast-hfb-above-header-display":"","ast-hfb-below-header-display":"","ast-hfb-mobile-header-display":"","site-post-title":"","ast-breadcrumbs-content":"","ast-featured-img":"","footer-sml-layout":"","ast-disable-related-posts":"","theme-transparent-header-meta":"","adv-header-id-meta":"","stick-header-meta":"","header-above-stick-meta":"","header-main-stick-meta":"","header-below-stick-meta":"","astra-migrate-meta-layouts":"default","ast-page-background-enabled":"default","ast-page-background-meta":{"desktop":{"background-color":"var(--ast-global-color-4)","background-image":"","background-repeat":"repeat","background-position":"center center","background-size":"auto","background-attachment":"scroll","background-type":"","background-media":"","overlay-type":"","overlay-color":"","overlay-opacity":"","overlay-gradient":""},"tablet":{"background-color":"","background-image":"","background-repeat":"repeat","background-position":"center center","background-size":"auto","background-attachment":"scroll","background-type":"","background-media":"","overlay-type":"","overlay-color":"","overlay-opacity":"","overlay-gradient":""},"mobile":{"background-color":"","background-image":"","background-repeat":"repeat","background-position":"center center","background-size":"auto","background-attachment":"scroll","background-type":"","background-media":"","overlay-type":"","overlay-color":"","overlay-opacity":"","overlay-gradient":""}},"ast-content-background-meta":{"desktop":{"background-color":"var(--ast-global-color-5)","background-image":"","background-repeat":"repeat","background-position":"center center","background-size":"auto","background-attachment":"scroll","background-type":"","background-media":"","overlay-type":"","overlay-color":"","overlay-opacity":"","overlay-gradient":""},"tablet":{"background-color":"var(--ast-global-color-5)","background-image":"","background-repeat":"repeat","background-position":"center center","background-size":"auto","background-attachment":"scroll","background-type":"","background-media":"","overlay-type":"","overlay-color":"","overlay-opacity":"","overlay-gradient":""},"mobile":{"background-color":"var(--ast-global-color-5)","background-image":"","background-repeat":"repeat","background-position":"center center","background-size":"auto","background-attachment":"scroll","background-type":"","background-media":"","overlay-type":"","overlay-color":"","overlay-opacity":"","overlay-gradient":""}},"footnotes":""},"class_list":["post-20","page","type-page","status-publish","hentry"],"uagb_featured_image_src":{"full":false,"thumbnail":false,"medium":false,"medium_large":false,"large":false,"1536x1536":false,"2048x2048":false},"uagb_author_info":{"display_name":"Paul B\u00f6hm","author_link":"https:\/\/www.tsv-birkenau.de\/index.php\/archives\/author\/pboehm"},"uagb_comment_info":1,"uagb_excerpt":"Badminton ist eines der schnellsten R\u00fcckschlagspiele der Welt und macht gro\u00dfen Spa\u00df.&nbsp; Im Unterschied zum Federball-Spiel versucht man jedoch den Federball so im Feld des Gegners zu platzieren, dass er [&hellip;]","_links":{"self":[{"href":"https:\/\/www.tsv-birkenau.de\/index.php\/wp-json\/wp\/v2\/pages\/20","targetHints":{"allow":["GET"]}}],"collection":[{"href":"https:\/\/www.tsv-birkenau.de\/index.php\/wp-json\/wp\/v2\/pages"}],"about":[{"href":"https:\/\/www.tsv-birkenau.de\/index.php\/wp-json\/wp\/v2\/types\/page"}],"author":[{"embeddable":true,"href":"https:\/\/www.tsv-birkenau.de\/index.php\/wp-json\/wp\/v2\/users\/2"}],"replies":[{"embeddable":true,"href":"https:\/\/www.tsv-birkenau.de\/index.php\/wp-json\/wp\/v2\/comments?post=20"}],"version-history":[{"count":18,"href":"https:\/\/www.tsv-birkenau.de\/index.php\/wp-json\/wp\/v2\/pages\/20\/revisions"}],"predecessor-version":[{"id":3483,"href":"https:\/\/www.tsv-birkenau.de\/index.php\/wp-json\/wp\/v2\/pages\/20\/revisions\/3483"}],"wp:attachment":[{"href":"https:\/\/www.tsv-birkenau.de\/index.php\/wp-json\/wp\/v2\/media?parent=20"}],"curies":[{"name":"wp","href":"https:\/\/api.w.org\/{rel}","templated":true}]}}