{"id":25,"date":"2007-08-20T18:45:54","date_gmt":"2007-08-20T16:45:54","guid":{"rendered":"http:\/\/www.tsv-birkenau.de\/index.php\/turnen-gesundheitssport"},"modified":"2024-10-23T13:02:27","modified_gmt":"2024-10-23T12:02:27","slug":"turnen-gesundheitssport","status":"publish","type":"page","link":"https:\/\/www.tsv-birkenau.de\/index.php\/turnen-gesundheitssport","title":{"rendered":"Turnen &#038; Gesundheitssport"},"content":{"rendered":"\n<figure class=\"wp-block-image size-large\"><a href=\"https:\/\/www.tsv-birkenau.de\/wp-content\/upload\/BTB_SfV_quer_RGB_2023.png\"><img loading=\"lazy\" decoding=\"async\" width=\"1024\" height=\"395\" src=\"https:\/\/www.tsv-birkenau.de\/wp-content\/upload\/BTB_SfV_quer_RGB_2023-1024x395.png\" alt=\"\" class=\"wp-image-3535\" srcset=\"https:\/\/www.tsv-birkenau.de\/wp-content\/upload\/BTB_SfV_quer_RGB_2023-1024x395.png 1024w, https:\/\/www.tsv-birkenau.de\/wp-content\/upload\/BTB_SfV_quer_RGB_2023-300x116.png 300w, https:\/\/www.tsv-birkenau.de\/wp-content\/upload\/BTB_SfV_quer_RGB_2023-768x296.png 768w, https:\/\/www.tsv-birkenau.de\/wp-content\/upload\/BTB_SfV_quer_RGB_2023.png 1200w\" sizes=\"auto, (max-width: 1024px) 100vw, 1024px\" \/><\/a><\/figure>\n\n\n\n<p class=\"has-text-align-left\">Der Badische Turner-Bund hat den TSV Birkenau mit dem Qualit\u00e4tssiegel \u201eSeniorenfreundlicher&nbsp;Turn- und Sportverein\u201c f\u00fcr seine vorbildliche Arbeit im Seniorenbereich ausgezeichnet.<\/p>\n\n\n\n<p>Auf der diesj\u00e4hrigen Jahreshauptversammlung des TSV \u00fcberreichte Konrad Reiter, Vorsitzender des Ehrenrates des Turngau Mannheims im Namen des Badischen Turner-Bundes die Auszeichnung an Heike Dubois de Luchet, der Sprecherin vom Gesundheitssports.&nbsp;<\/p>\n\n\n\n<p>\u201eMit der Zertifizierung m\u00f6chten wir unsere Vereine f\u00fcr die immer wichtigere Zielgruppe der \u00c4lteren und Senioren sensibilisieren und ihnen zudem ein Marketinginstrument an die Hand geben, um ihre qualitativ hochwertigen Vereinsangebote in der \u00d6ffentlichkeit zu platzieren\u201c, so Sabine Reil, Vizepr\u00e4sidentin des Badischen Turner-Bundes (BTB).<\/p>\n\n\n\n<p>Kriterien f\u00fcr die Zertifizierung als \u201eSenioren-freundlicher&nbsp; Turn- und Sportverein\u201c sind neben ausgebildeten \u00dcbungsleiterInnen und qualifizierten Bewegungsangeboten f\u00fcr Menschen ab 60 Jahre unter anderem gesellige Angebote und Ausfl\u00fcge, sowie eine entsprechende Ausstattung. Der TSV Birkenau hat die Qualit\u00e4tskriterien des Badischen Turner-Bundes vollumf\u00e4nglich erf\u00fcllt. \u201eToll, dass unser Engagement f\u00fcr die Seniorinnen und Senioren in unserem Verein belohnt wird und wir einer der \u00fcber 60 Vereine in Baden sind, die dieses Zertifikat erhalten\u201c, freut sich Heike Dubois de Luchet, Sprecherin des Gesundheitssports beim TSV Birkenau \u00fcber die Auszeichnung.<\/p>\n\n\n\n<p>Beim TSV Birkenau stehen w\u00f6chentlich mehrere Angebote wie Reha-Sport, Wirbels\u00e4ulengymnastik oder Hata Yoga auf dem Programm. Informationen zum Angebot des Gesundheitssports beim TSV Birkenau finden Sie <a href=\"https:\/\/www.tsv-birkenau.de\/wp-content\/upload\/Angebot-Turnabteilung-gesamt.pdf\">hier:<\/a><\/p>\n\n\n\n<div class=\"wp-block-columns is-layout-flex wp-container-core-columns-is-layout-28f84493 wp-block-columns-is-layout-flex\">\n<div class=\"wp-block-column is-layout-flow wp-block-column-is-layout-flow\" style=\"flex-basis:100%\">\n<div class=\"wp-block-columns is-layout-flex wp-container-core-columns-is-layout-28f84493 wp-block-columns-is-layout-flex\">\n<div class=\"wp-block-column is-layout-flow wp-block-column-is-layout-flow\">\n<div class=\"wp-block-columns is-layout-flex wp-container-core-columns-is-layout-28f84493 wp-block-columns-is-layout-flex\"><\/div>\n<\/div>\n<\/div>\n<\/div>\n<\/div>\n\n\n\n<div class=\"wp-block-columns is-layout-flex wp-container-core-columns-is-layout-28f84493 wp-block-columns-is-layout-flex\">\n<div class=\"wp-block-column is-layout-flow wp-block-column-is-layout-flow\">\n<div class=\"wp-block-columns is-layout-flex wp-container-core-columns-is-layout-28f84493 wp-block-columns-is-layout-flex\">\n<div class=\"wp-block-column is-layout-flow wp-block-column-is-layout-flow\">\n<p class=\"has-text-align-left\"><\/p>\n<\/div>\n<\/div>\n<\/div>\n<\/div>\n","protected":false},"excerpt":{"rendered":"<p>Der Badische Turner-Bund hat den TSV Birkenau mit dem Qualit\u00e4tssiegel \u201eSeniorenfreundlicher&nbsp;Turn- und Sportverein\u201c f\u00fcr seine vorbildliche Arbeit im Seniorenbereich ausgezeichnet. Auf der diesj\u00e4hrigen Jahreshauptversammlung des TSV \u00fcberreichte Konrad Reiter, Vorsitzender [&hellip;]<\/p>\n","protected":false},"author":2,"featured_media":0,"parent":0,"menu_order":3,"comment_status":"closed","ping_status":"closed","template":"","meta":{"_uag_custom_page_level_css":"","site-sidebar-layout":"default","site-content-layout":"","ast-site-content-layout":"default","site-content-style":"default","site-sidebar-style":"default","ast-global-header-display":"","ast-banner-title-visibility":"","ast-main-header-display":"","ast-hfb-above-header-display":"","ast-hfb-below-header-display":"","ast-hfb-mobile-header-display":"","site-post-title":"","ast-breadcrumbs-content":"","ast-featured-img":"","footer-sml-layout":"","ast-disable-related-posts":"","theme-transparent-header-meta":"","adv-header-id-meta":"","stick-header-meta":"","header-above-stick-meta":"","header-main-stick-meta":"","header-below-stick-meta":"","astra-migrate-meta-layouts":"default","ast-page-background-enabled":"default","ast-page-background-meta":{"desktop":{"background-color":"var(--ast-global-color-4)","background-image":"","background-repeat":"repeat","background-position":"center center","background-size":"auto","background-attachment":"scroll","background-type":"","background-media":"","overlay-type":"","overlay-color":"","overlay-opacity":"","overlay-gradient":""},"tablet":{"background-color":"","background-image":"","background-repeat":"repeat","background-position":"center center","background-size":"auto","background-attachment":"scroll","background-type":"","background-media":"","overlay-type":"","overlay-color":"","overlay-opacity":"","overlay-gradient":""},"mobile":{"background-color":"","background-image":"","background-repeat":"repeat","background-position":"center center","background-size":"auto","background-attachment":"scroll","background-type":"","background-media":"","overlay-type":"","overlay-color":"","overlay-opacity":"","overlay-gradient":""}},"ast-content-background-meta":{"desktop":{"background-color":"var(--ast-global-color-5)","background-image":"","background-repeat":"repeat","background-position":"center center","background-size":"auto","background-attachment":"scroll","background-type":"","background-media":"","overlay-type":"","overlay-color":"","overlay-opacity":"","overlay-gradient":""},"tablet":{"background-color":"var(--ast-global-color-5)","background-image":"","background-repeat":"repeat","background-position":"center center","background-size":"auto","background-attachment":"scroll","background-type":"","background-media":"","overlay-type":"","overlay-color":"","overlay-opacity":"","overlay-gradient":""},"mobile":{"background-color":"var(--ast-global-color-5)","background-image":"","background-repeat":"repeat","background-position":"center center","background-size":"auto","background-attachment":"scroll","background-type":"","background-media":"","overlay-type":"","overlay-color":"","overlay-opacity":"","overlay-gradient":""}},"footnotes":""},"class_list":["post-25","page","type-page","status-publish","hentry"],"uagb_featured_image_src":{"full":false,"thumbnail":false,"medium":false,"medium_large":false,"large":false,"1536x1536":false,"2048x2048":false},"uagb_author_info":{"display_name":"Paul B\u00f6hm","author_link":"https:\/\/www.tsv-birkenau.de\/index.php\/archives\/author\/pboehm"},"uagb_comment_info":0,"uagb_excerpt":"Der Badische Turner-Bund hat den TSV Birkenau mit dem Qualit\u00e4tssiegel \u201eSeniorenfreundlicher&nbsp;Turn- und Sportverein\u201c f\u00fcr seine vorbildliche Arbeit im Seniorenbereich ausgezeichnet. Auf der diesj\u00e4hrigen Jahreshauptversammlung des TSV \u00fcberreichte Konrad Reiter, Vorsitzender [&hellip;]","_links":{"self":[{"href":"https:\/\/www.tsv-birkenau.de\/index.php\/wp-json\/wp\/v2\/pages\/25","targetHints":{"allow":["GET"]}}],"collection":[{"href":"https:\/\/www.tsv-birkenau.de\/index.php\/wp-json\/wp\/v2\/pages"}],"about":[{"href":"https:\/\/www.tsv-birkenau.de\/index.php\/wp-json\/wp\/v2\/types\/page"}],"author":[{"embeddable":true,"href":"https:\/\/www.tsv-birkenau.de\/index.php\/wp-json\/wp\/v2\/users\/2"}],"replies":[{"embeddable":true,"href":"https:\/\/www.tsv-birkenau.de\/index.php\/wp-json\/wp\/v2\/comments?post=25"}],"version-history":[{"count":34,"href":"https:\/\/www.tsv-birkenau.de\/index.php\/wp-json\/wp\/v2\/pages\/25\/revisions"}],"predecessor-version":[{"id":3537,"href":"https:\/\/www.tsv-birkenau.de\/index.php\/wp-json\/wp\/v2\/pages\/25\/revisions\/3537"}],"wp:attachment":[{"href":"https:\/\/www.tsv-birkenau.de\/index.php\/wp-json\/wp\/v2\/media?parent=25"}],"curies":[{"name":"wp","href":"https:\/\/api.w.org\/{rel}","templated":true}]}}