{"id":3529,"date":"2024-10-11T11:24:52","date_gmt":"2024-10-11T10:24:52","guid":{"rendered":"https:\/\/www.tsv-birkenau.de\/?page_id=3529"},"modified":"2024-10-11T11:24:52","modified_gmt":"2024-10-11T10:24:52","slug":"jedermaenner","status":"publish","type":"page","link":"https:\/\/www.tsv-birkenau.de\/index.php\/jedermaenner","title":{"rendered":"Jederm\u00e4nner"},"content":{"rendered":"\n<p>Dienstagabends, ab 20.15 Uhr treffen sich die Hobbykicker des TSV Birkenau regelm\u00e4\u00dfig in der S\u00fcdhessenhalle in Reisen. Die Jedermann-Abteilung besteht schon seit mehr als 30 Jahren und hat sich von einer anf\u00e4nglichen Gymnastikgruppe zu einer attraktiven Truppe begeisterter Hobbyfu\u00dfballer entwickelt. Sie ist ganz bunt zusammengesetzt, ihr geh\u00f6ren Spieler von 20 bis 65 Jahren an, auch unterschiedliche Nationalit\u00e4ten sind vertreten.<\/p>\n\n\n\n<figure class=\"wp-block-image size-full\"><a href=\"https:\/\/www.tsv-birkenau.de\/wp-content\/upload\/image.png\"><img loading=\"lazy\" decoding=\"async\" width=\"945\" height=\"637\" src=\"https:\/\/www.tsv-birkenau.de\/wp-content\/upload\/image.png\" alt=\"\" class=\"wp-image-3530\" srcset=\"https:\/\/www.tsv-birkenau.de\/wp-content\/upload\/image.png 945w, https:\/\/www.tsv-birkenau.de\/wp-content\/upload\/image-300x202.png 300w, https:\/\/www.tsv-birkenau.de\/wp-content\/upload\/image-768x518.png 768w\" sizes=\"auto, (max-width: 945px) 100vw, 945px\" \/><\/a><\/figure>\n\n\n\n<p>Neben Deutschen, sind Italiener, T\u00fcrken, Spanier und j\u00fcngst auch Syrer mit von der Partie. Auch das fu\u00dfballerische K\u00f6nnen ist unterschiedlich, bzw. keine Mitspielvoraussetzung. Vom Anf\u00e4nger bis zum \u201eProfi\u201c ist alles vertreten, eben typisch Jedermann. Gespielt wird in 5er Teams, die meistens durch Auslosung an den Trainingsabenden spontan zusammengestellt werden. Alle Spieler verbindet die Begeisterung f\u00fcr Fu\u00dfball und die Freude an guter Kameradschaft. Neben den Trainingsabenden gibt es im Jahresablauf auch immer wieder gesellige Veranstaltungen, Geburtstags- und Weihnachtsfeiern, Grill- und Spielabende, Ausfl\u00fcge, wie unl\u00e4ngst zu einer Runde Soccer-Golf in Dirmstein.<\/p>\n\n\n\n<p>Wer den Jedermann-Fu\u00dfball des TSV Birkenau in der S\u00fcdhessenhalle in Reisen kennenlernen m\u00f6chte, kann gerne zu einem Schnupperabend unverbindlich vorbeikommen. <\/p>\n\n\n\n<p>Treffpunkt: Dienstag, 20.15 Uhr, S\u00fcdhessenhalle Reisen<br \/>Kontakt: Florian Kadel, Mobilnummer (0176)80340626<\/p>\n","protected":false},"excerpt":{"rendered":"<p>Dienstagabends, ab 20.15 Uhr treffen sich die Hobbykicker des TSV Birkenau regelm\u00e4\u00dfig in der S\u00fcdhessenhalle in Reisen. Die Jedermann-Abteilung besteht schon seit mehr als 30 Jahren und hat sich von [&hellip;]<\/p>\n","protected":false},"author":20,"featured_media":0,"parent":0,"menu_order":0,"comment_status":"closed","ping_status":"closed","template":"","meta":{"_uag_custom_page_level_css":"","site-sidebar-layout":"default","site-content-layout":"","ast-site-content-layout":"default","site-content-style":"default","site-sidebar-style":"default","ast-global-header-display":"","ast-banner-title-visibility":"","ast-main-header-display":"","ast-hfb-above-header-display":"","ast-hfb-below-header-display":"","ast-hfb-mobile-header-display":"","site-post-title":"","ast-breadcrumbs-content":"","ast-featured-img":"","footer-sml-layout":"","ast-disable-related-posts":"","theme-transparent-header-meta":"","adv-header-id-meta":"","stick-header-meta":"","header-above-stick-meta":"","header-main-stick-meta":"","header-below-stick-meta":"","astra-migrate-meta-layouts":"default","ast-page-background-enabled":"default","ast-page-background-meta":{"desktop":{"background-color":"var(--ast-global-color-4)","background-image":"","background-repeat":"repeat","background-position":"center center","background-size":"auto","background-attachment":"scroll","background-type":"","background-media":"","overlay-type":"","overlay-color":"","overlay-opacity":"","overlay-gradient":""},"tablet":{"background-color":"","background-image":"","background-repeat":"repeat","background-position":"center center","background-size":"auto","background-attachment":"scroll","background-type":"","background-media":"","overlay-type":"","overlay-color":"","overlay-opacity":"","overlay-gradient":""},"mobile":{"background-color":"","background-image":"","background-repeat":"repeat","background-position":"center center","background-size":"auto","background-attachment":"scroll","background-type":"","background-media":"","overlay-type":"","overlay-color":"","overlay-opacity":"","overlay-gradient":""}},"ast-content-background-meta":{"desktop":{"background-color":"var(--ast-global-color-5)","background-image":"","background-repeat":"repeat","background-position":"center center","background-size":"auto","background-attachment":"scroll","background-type":"","background-media":"","overlay-type":"","overlay-color":"","overlay-opacity":"","overlay-gradient":""},"tablet":{"background-color":"var(--ast-global-color-5)","background-image":"","background-repeat":"repeat","background-position":"center center","background-size":"auto","background-attachment":"scroll","background-type":"","background-media":"","overlay-type":"","overlay-color":"","overlay-opacity":"","overlay-gradient":""},"mobile":{"background-color":"var(--ast-global-color-5)","background-image":"","background-repeat":"repeat","background-position":"center center","background-size":"auto","background-attachment":"scroll","background-type":"","background-media":"","overlay-type":"","overlay-color":"","overlay-opacity":"","overlay-gradient":""}},"footnotes":""},"class_list":["post-3529","page","type-page","status-publish","hentry"],"uagb_featured_image_src":{"full":false,"thumbnail":false,"medium":false,"medium_large":false,"large":false,"1536x1536":false,"2048x2048":false},"uagb_author_info":{"display_name":"Martin Wendler","author_link":"https:\/\/www.tsv-birkenau.de\/index.php\/archives\/author\/martin"},"uagb_comment_info":0,"uagb_excerpt":"Dienstagabends, ab 20.15 Uhr treffen sich die Hobbykicker des TSV Birkenau regelm\u00e4\u00dfig in der S\u00fcdhessenhalle in Reisen. Die Jedermann-Abteilung besteht schon seit mehr als 30 Jahren und hat sich von [&hellip;]","_links":{"self":[{"href":"https:\/\/www.tsv-birkenau.de\/index.php\/wp-json\/wp\/v2\/pages\/3529","targetHints":{"allow":["GET"]}}],"collection":[{"href":"https:\/\/www.tsv-birkenau.de\/index.php\/wp-json\/wp\/v2\/pages"}],"about":[{"href":"https:\/\/www.tsv-birkenau.de\/index.php\/wp-json\/wp\/v2\/types\/page"}],"author":[{"embeddable":true,"href":"https:\/\/www.tsv-birkenau.de\/index.php\/wp-json\/wp\/v2\/users\/20"}],"replies":[{"embeddable":true,"href":"https:\/\/www.tsv-birkenau.de\/index.php\/wp-json\/wp\/v2\/comments?post=3529"}],"version-history":[{"count":1,"href":"https:\/\/www.tsv-birkenau.de\/index.php\/wp-json\/wp\/v2\/pages\/3529\/revisions"}],"predecessor-version":[{"id":3531,"href":"https:\/\/www.tsv-birkenau.de\/index.php\/wp-json\/wp\/v2\/pages\/3529\/revisions\/3531"}],"wp:attachment":[{"href":"https:\/\/www.tsv-birkenau.de\/index.php\/wp-json\/wp\/v2\/media?parent=3529"}],"curies":[{"name":"wp","href":"https:\/\/api.w.org\/{rel}","templated":true}]}}