{"id":51,"date":"2007-09-29T14:48:20","date_gmt":"2007-09-29T13:48:20","guid":{"rendered":"http:\/\/www.tsv-birkenau.de\/index.php\/impressum"},"modified":"2024-02-12T13:38:56","modified_gmt":"2024-02-12T12:38:56","slug":"impressum","status":"publish","type":"page","link":"https:\/\/www.tsv-birkenau.de\/index.php\/impressum","title":{"rendered":"Impressum"},"content":{"rendered":"<p><strong>Eigent\u00fcmer dieser Webseite:<\/strong><\/p>\n<p>TSV Birkenau e.V.<br \/>\nBergstra\u00dfe 15a<\/p>\n<p>69488 Birkenau<\/p>\n<p>Telefon: 0 62 01-37 99 05<br \/>\nFax: 0 62 01-37 99 06<br \/>\nEmail: info@tsv-birkenau.de<\/p>\n<p><strong>Bankverbindungen:<\/strong><\/p>\n<p>Sparkasse Starkenburg<\/p>\n<p>IBAN: DE31 5095 1469 0005 0501 10<br \/>\nBIC:\u00a0\u00a0 HELADEF1HEP<\/p>\n<p>BLZ 509 514 69 Kto 5 050 110<\/p>\n<p>Volksbank Weinheim<\/p>\n<p>IBAN: DE04 6709 2300 0020 1477 09<br \/>\nBIC:\u00a0\u00a0 GENODE61WNM<\/p>\n<p>BLZ 670 923 00 Kto 20 147 709<\/p>\n<p><strong>Inhaltlich Verantwortlicher gem\u00e4\u00df \u00a75 Telemediengesetz (TMG):<\/strong><br \/>\nProf.Dr. Klaus-Dieter Hungenberg, Ortsstra\u00dfe 135, 69488 Birkenau<br \/>\nPaul B\u00f6hm, Kirchgasse 17, 69488 Birkenau<\/p>\n<p><strong>Webmaster: <\/strong>Paul B\u00f6hm (paul.boehm(\u00e4t)tsv-birkenau.de)<\/p>\n<p><strong>Hinweis zum Urheberrecht:<br \/>\n<\/strong>S\u00e4mtliche auf dieser Plattform dargestellten Fotos\/Bilder unterliegen dem Urheberrecht des jeweiligen Fotografen und d\u00fcrfen nicht ohne dessen Einverst\u00e4ndnis kopiert\/vervielf\u00e4ltigt\/publiziert werden. Dies gilt f\u00fcr kommerzielle wie f\u00fcr nicht-kommerzielle Nutzung.<br \/>\nBei gestatteter Weiterverwendung ist ein Hinweis auf den Urheber zwingend, sofern nicht ausdr\u00fccklich eine andere Vereinbarung getroffen wurde. Bei Nichtbeachtung beh\u00e4lt sich der Urheber rechtliche Schritte zur Wahrung seiner Recht vor.<\/p>\n<p><strong>Schadensminderungspflicht:<\/strong><br \/>\nF\u00fcr den Fall von Domainstreitigkeiten, wettbewerbsrechtlichen und\/oder \u00e4hnlichen Konflikten bitten wir um Kontaktaufnahme im Vorfeld zur Vermeidung unn\u00f6tiger Kosten und Rechtsstreitigkeiten. Eine Kostennote bei anwaltlicher Abmahnung ohne vorhergehende Kontaktaufnahme mit uns wird gem\u00e4\u00df Schadensminderungspflicht als unbegr\u00fcndet zur\u00fcckgewiesen.<\/p>\n<p><strong>Haftungssausschluss:<\/strong><br \/>\nBei direkten oder indirekten Verweisen auf fremde Webseiten (&#8220;Hyperlinks&#8221;), die au\u00dferhalb des Verantwortungsbereiches des Autors liegen, w\u00fcrde eine Haftungsverpflichtung ausschlie\u00dflich in dem Fall in Kraft treten, in dem der Autor von den Inhalten Kenntnis hat und es ihm technisch m\u00f6glich und zumutbar w\u00e4re, die Nutzung im Falle rechtswidriger Inhalte zu verhindern.<br \/>\nDer Autor erkl\u00e4rt hiermit ausdr\u00fccklich, dass zum Zeitpunkt der Linksetzung keine illegalen Inhalte auf den zu verlinkenden Seiten erkennbar waren. Auf die aktuelle und zuk\u00fcnftige Gestaltung, die Inhalte oder die Urheberschaft der verlinkten\/verkn\u00fcpften Seiten hat der Autor keinerlei Einfluss. Deshalb distanziert er sich hiermit ausdr\u00fccklich von allen Inhalten aller verlinkten \/verkn\u00fcpften Seiten, die nach der Linksetzung ver\u00e4ndert wurden. Diese Feststellung gilt f\u00fcr alle innerhalb des eigenen Internetangebotes gesetzten Links und Verweise sowie f\u00fcr Fremdeintr\u00e4ge in vom Autor eingerichteten G\u00e4steb\u00fcchern, Diskussionsforen, Linkverzeichnissen, Mailinglisten und in allen anderen Formen von Datenbanken, auf deren Inhalt externe Schreibzugriffe m\u00f6glich sind. F\u00fcr illegale, fehlerhafte oder unvollst\u00e4ndige Inhalte und insbesondere f\u00fcr Sch\u00e4den, die aus der Nutzung oder Nichtnutzung solcherart dargebotener Informationen entstehen, haftet allein der Anbieter der Seite, auf welche verwiesen wurde, nicht derjenige, der \u00fcber Links auf die jeweilige Ver\u00f6ffentlichung lediglich verweist.<\/p>\n","protected":false},"excerpt":{"rendered":"<p>Eigent\u00fcmer dieser Webseite: TSV Birkenau e.V. Bergstra\u00dfe 15a 69488 Birkenau Telefon: 0 62 01-37 99 05 Fax: 0 62 01-37 99 06 Email: info@tsv-birkenau.de Bankverbindungen: Sparkasse Starkenburg IBAN: DE31 5095 [&hellip;]<\/p>\n","protected":false},"author":4,"featured_media":0,"parent":0,"menu_order":4,"comment_status":"closed","ping_status":"closed","template":"","meta":{"_uag_custom_page_level_css":"","site-sidebar-layout":"default","site-content-layout":"","ast-site-content-layout":"default","site-content-style":"default","site-sidebar-style":"default","ast-global-header-display":"","ast-banner-title-visibility":"","ast-main-header-display":"","ast-hfb-above-header-display":"","ast-hfb-below-header-display":"","ast-hfb-mobile-header-display":"","site-post-title":"","ast-breadcrumbs-content":"","ast-featured-img":"","footer-sml-layout":"","ast-disable-related-posts":"","theme-transparent-header-meta":"","adv-header-id-meta":"","stick-header-meta":"","header-above-stick-meta":"","header-main-stick-meta":"","header-below-stick-meta":"","astra-migrate-meta-layouts":"default","ast-page-background-enabled":"default","ast-page-background-meta":{"desktop":{"background-color":"var(--ast-global-color-4)","background-image":"","background-repeat":"repeat","background-position":"center center","background-size":"auto","background-attachment":"scroll","background-type":"","background-media":"","overlay-type":"","overlay-color":"","overlay-opacity":"","overlay-gradient":""},"tablet":{"background-color":"","background-image":"","background-repeat":"repeat","background-position":"center center","background-size":"auto","background-attachment":"scroll","background-type":"","background-media":"","overlay-type":"","overlay-color":"","overlay-opacity":"","overlay-gradient":""},"mobile":{"background-color":"","background-image":"","background-repeat":"repeat","background-position":"center center","background-size":"auto","background-attachment":"scroll","background-type":"","background-media":"","overlay-type":"","overlay-color":"","overlay-opacity":"","overlay-gradient":""}},"ast-content-background-meta":{"desktop":{"background-color":"var(--ast-global-color-5)","background-image":"","background-repeat":"repeat","background-position":"center center","background-size":"auto","background-attachment":"scroll","background-type":"","background-media":"","overlay-type":"","overlay-color":"","overlay-opacity":"","overlay-gradient":""},"tablet":{"background-color":"var(--ast-global-color-5)","background-image":"","background-repeat":"repeat","background-position":"center center","background-size":"auto","background-attachment":"scroll","background-type":"","background-media":"","overlay-type":"","overlay-color":"","overlay-opacity":"","overlay-gradient":""},"mobile":{"background-color":"var(--ast-global-color-5)","background-image":"","background-repeat":"repeat","background-position":"center center","background-size":"auto","background-attachment":"scroll","background-type":"","background-media":"","overlay-type":"","overlay-color":"","overlay-opacity":"","overlay-gradient":""}},"footnotes":""},"class_list":["post-51","page","type-page","status-publish","hentry"],"uagb_featured_image_src":{"full":false,"thumbnail":false,"medium":false,"medium_large":false,"large":false,"1536x1536":false,"2048x2048":false},"uagb_author_info":{"display_name":"Daniel G\u00f6tz","author_link":"https:\/\/www.tsv-birkenau.de\/index.php\/archives\/author\/dgoetz"},"uagb_comment_info":0,"uagb_excerpt":"Eigent\u00fcmer dieser Webseite: TSV Birkenau e.V. Bergstra\u00dfe 15a 69488 Birkenau Telefon: 0 62 01-37 99 05 Fax: 0 62 01-37 99 06 Email: info@tsv-birkenau.de Bankverbindungen: Sparkasse Starkenburg IBAN: DE31 5095 [&hellip;]","_links":{"self":[{"href":"https:\/\/www.tsv-birkenau.de\/index.php\/wp-json\/wp\/v2\/pages\/51","targetHints":{"allow":["GET"]}}],"collection":[{"href":"https:\/\/www.tsv-birkenau.de\/index.php\/wp-json\/wp\/v2\/pages"}],"about":[{"href":"https:\/\/www.tsv-birkenau.de\/index.php\/wp-json\/wp\/v2\/types\/page"}],"author":[{"embeddable":true,"href":"https:\/\/www.tsv-birkenau.de\/index.php\/wp-json\/wp\/v2\/users\/4"}],"replies":[{"embeddable":true,"href":"https:\/\/www.tsv-birkenau.de\/index.php\/wp-json\/wp\/v2\/comments?post=51"}],"version-history":[{"count":9,"href":"https:\/\/www.tsv-birkenau.de\/index.php\/wp-json\/wp\/v2\/pages\/51\/revisions"}],"predecessor-version":[{"id":3305,"href":"https:\/\/www.tsv-birkenau.de\/index.php\/wp-json\/wp\/v2\/pages\/51\/revisions\/3305"}],"wp:attachment":[{"href":"https:\/\/www.tsv-birkenau.de\/index.php\/wp-json\/wp\/v2\/media?parent=51"}],"curies":[{"name":"wp","href":"https:\/\/api.w.org\/{rel}","templated":true}]}}