{"id":558,"date":"2009-07-04T15:47:41","date_gmt":"2009-07-04T14:47:41","guid":{"rendered":"http:\/\/www.tsv-birkenau.de\/?page_id=558"},"modified":"2025-02-25T10:46:26","modified_gmt":"2025-02-25T09:46:26","slug":"vorstand","status":"publish","type":"page","link":"https:\/\/www.tsv-birkenau.de\/index.php\/der-tsv-birkenau-ev-stellt-sich-vor\/vorstand","title":{"rendered":"Vereinsgremium mit Vorstand gem. \u00a726 BGB"},"content":{"rendered":"<table style=\"height: 1496px;\" border=\"0\" width=\"674\">\n<tbody>\n<tr>\n<td><a href=\"https:\/\/www.tsv-birkenau.de\/wp-content\/upload\/Paul-Boehm-k.jpg\"><img loading=\"lazy\" decoding=\"async\" class=\"size-medium wp-image-3255 alignleft\" src=\"https:\/\/www.tsv-birkenau.de\/wp-content\/upload\/Paul-Boehm-k-225x300.jpg\" alt=\"\" width=\"225\" height=\"300\" srcset=\"https:\/\/www.tsv-birkenau.de\/wp-content\/upload\/Paul-Boehm-k-225x300.jpg 225w, https:\/\/www.tsv-birkenau.de\/wp-content\/upload\/Paul-Boehm-k.jpg 640w\" sizes=\"auto, (max-width: 225px) 100vw, 225px\" \/><\/a><\/td>\n<td colspan=\"1\" rowspan=\"1\"><\/td>\n<td><strong>Vorstand und Sprecher Verwaltung &amp; Marketing<\/strong><br \/>\nPaul B\u00f6hm<br \/>\nKirchgasse 17<br \/>\n69488 Birkenau<br \/>\nTel. 06201\/33498<br \/>\ne-Mail: Paul.Boehm(\u00e4t)tsv-birkenau.de<\/td>\n<\/tr>\n<tr>\n<td><a href=\"https:\/\/www.tsv-birkenau.de\/wp-content\/upload\/Klaus-Dieter-Hungenberg-k.jpg\"><img loading=\"lazy\" decoding=\"async\" class=\"alignleft size-medium wp-image-3253\" src=\"https:\/\/www.tsv-birkenau.de\/wp-content\/upload\/Klaus-Dieter-Hungenberg-k-225x300.jpg\" alt=\"\" width=\"225\" height=\"300\" srcset=\"https:\/\/www.tsv-birkenau.de\/wp-content\/upload\/Klaus-Dieter-Hungenberg-k-225x300.jpg 225w, https:\/\/www.tsv-birkenau.de\/wp-content\/upload\/Klaus-Dieter-Hungenberg-k.jpg 640w\" sizes=\"auto, (max-width: 225px) 100vw, 225px\" \/><\/a><\/td>\n<td colspan=\"1\" rowspan=\"1\"><\/td>\n<td><strong>Vorstand und Sprecher Finanzen<\/strong><br \/>\nProf. Dr. Klaus-Dieter Hungenberg<br \/>\nOrtsstra\u00dfe 135<br \/>\n69488 Birkenau<br \/>\ne-Mail: Klaus.Hungenberg(\u00e4t)tsv-birkenau.de<\/td>\n<\/tr>\n<tr>\n<td><a href=\"https:\/\/www.tsv-birkenau.de\/wp-content\/upload\/Frank-Joest-K-1.jpg\"><img loading=\"lazy\" decoding=\"async\" class=\" wp-image-3256\" src=\"https:\/\/www.tsv-birkenau.de\/wp-content\/upload\/Frank-Joest-K-1-225x300.jpg\" alt=\"\" width=\"225\" height=\"300\" srcset=\"https:\/\/www.tsv-birkenau.de\/wp-content\/upload\/Frank-Joest-K-1-225x300.jpg 225w, https:\/\/www.tsv-birkenau.de\/wp-content\/upload\/Frank-Joest-K-1.jpg 640w\" sizes=\"auto, (max-width: 225px) 100vw, 225px\" \/><\/a><\/td>\n<td colspan=\"1\" rowspan=\"1\"><strong>\u00a0<\/strong><\/td>\n<td><strong>Sprecher Handball m\u00e4nnlich<\/strong><br \/>\nFrank J\u00f6st<br \/>\nAm Binsenberg 2<br \/>\n69488 Birkenau<br \/>\ne-Mail: Frank.Joest(\u00e4t)tsv-birkenau.de<\/td>\n<\/tr>\n<tr>\n<td colspan=\"1\" rowspan=\"1\"><strong> <a href=\"https:\/\/www.tsv-birkenau.de\/wp-content\/upload\/Schaefer-Julius-2025-02.jpg\"><img loading=\"lazy\" decoding=\"async\" class=\"alignleft wp-image-3767 size-medium\" src=\"https:\/\/www.tsv-birkenau.de\/wp-content\/upload\/Schaefer-Julius-2025-02-225x300.jpg\" alt=\"\" width=\"225\" height=\"300\" srcset=\"https:\/\/www.tsv-birkenau.de\/wp-content\/upload\/Schaefer-Julius-2025-02-225x300.jpg 225w, https:\/\/www.tsv-birkenau.de\/wp-content\/upload\/Schaefer-Julius-2025-02.jpg 640w\" sizes=\"auto, (max-width: 225px) 100vw, 225px\" \/><\/a><\/strong><\/td>\n<td colspan=\"1\" rowspan=\"1\"><strong>\u00a0<\/strong><\/td>\n<td colspan=\"1\" rowspan=\"1\"><strong>Sprecher Handball weiblich<\/strong><br \/>\nJulius Sch\u00e4fer<br \/>\nHasselklinger Weg 8<br \/>\n69488 Birkenau<br \/>\ne-Mail: Julius.Schaefer(\u00e4t)tsv-birkenau.de<\/td>\n<\/tr>\n<tr>\n<td><a href=\"https:\/\/www.tsv-birkenau.de\/wp-content\/upload\/Heike-Dubois-de-Luchet-k.jpg\"><img loading=\"lazy\" decoding=\"async\" class=\"size-medium wp-image-3252\" src=\"https:\/\/www.tsv-birkenau.de\/wp-content\/upload\/Heike-Dubois-de-Luchet-k-225x300.jpg\" alt=\"\" width=\"225\" height=\"300\" srcset=\"https:\/\/www.tsv-birkenau.de\/wp-content\/upload\/Heike-Dubois-de-Luchet-k-225x300.jpg 225w, https:\/\/www.tsv-birkenau.de\/wp-content\/upload\/Heike-Dubois-de-Luchet-k.jpg 640w\" sizes=\"auto, (max-width: 225px) 100vw, 225px\" \/><\/a><\/td>\n<td colspan=\"1\" rowspan=\"1\"><strong>\u00a0<\/strong><\/td>\n<td><strong>Sprecherin Gesundheitssport<\/strong><br \/>\nHeike Dubois de Luchet<br \/>\nIn der Zeil 4<br \/>\n69488 Birkenau-Reisen<br \/>\ne-Mail: Heike(\u00e4t)tsv-birkenau.de<\/td>\n<\/tr>\n<tr>\n<td><a href=\"https:\/\/www.tsv-birkenau.de\/wp-content\/upload\/Olaf-Klink-k.jpg\"><img loading=\"lazy\" decoding=\"async\" class=\"size-medium wp-image-3254\" src=\"https:\/\/www.tsv-birkenau.de\/wp-content\/upload\/Olaf-Klink-k-225x300.jpg\" alt=\"\" width=\"225\" height=\"300\" srcset=\"https:\/\/www.tsv-birkenau.de\/wp-content\/upload\/Olaf-Klink-k-225x300.jpg 225w, https:\/\/www.tsv-birkenau.de\/wp-content\/upload\/Olaf-Klink-k.jpg 640w\" sizes=\"auto, (max-width: 225px) 100vw, 225px\" \/><\/a><\/td>\n<td colspan=\"1\" rowspan=\"1\"><\/td>\n<td><strong>Sprecher Badminton<\/strong><br \/>\nOlaf Klink<br \/>\nSchimbacher Stra\u00dfe 52a<br \/>\n69488 Birkenau<br \/>\ne-Mail: Olaf.Klink(\u00e4t)tsv-birkenau.de<\/td>\n<\/tr>\n<\/tbody>\n<\/table>\n","protected":false},"excerpt":{"rendered":"<p>Vorstand und Sprecher Verwaltung &amp; Marketing Paul B\u00f6hm Kirchgasse 17 69488 Birkenau Tel. 06201\/33498 e-Mail: Paul.Boehm(\u00e4t)tsv-birkenau.de Vorstand und Sprecher Finanzen Prof. Dr. Klaus-Dieter Hungenberg Ortsstra\u00dfe 135 69488 Birkenau e-Mail: Klaus.Hungenberg(\u00e4t)tsv-birkenau.de [&hellip;]<\/p>\n","protected":false},"author":5,"featured_media":0,"parent":18,"menu_order":2,"comment_status":"closed","ping_status":"closed","template":"","meta":{"_uag_custom_page_level_css":"","site-sidebar-layout":"default","site-content-layout":"","ast-site-content-layout":"default","site-content-style":"default","site-sidebar-style":"default","ast-global-header-display":"","ast-banner-title-visibility":"","ast-main-header-display":"","ast-hfb-above-header-display":"","ast-hfb-below-header-display":"","ast-hfb-mobile-header-display":"","site-post-title":"","ast-breadcrumbs-content":"","ast-featured-img":"","footer-sml-layout":"","ast-disable-related-posts":"","theme-transparent-header-meta":"","adv-header-id-meta":"","stick-header-meta":"","header-above-stick-meta":"","header-main-stick-meta":"","header-below-stick-meta":"","astra-migrate-meta-layouts":"default","ast-page-background-enabled":"default","ast-page-background-meta":{"desktop":{"background-color":"var(--ast-global-color-4)","background-image":"","background-repeat":"repeat","background-position":"center center","background-size":"auto","background-attachment":"scroll","background-type":"","background-media":"","overlay-type":"","overlay-color":"","overlay-opacity":"","overlay-gradient":""},"tablet":{"background-color":"","background-image":"","background-repeat":"repeat","background-position":"center center","background-size":"auto","background-attachment":"scroll","background-type":"","background-media":"","overlay-type":"","overlay-color":"","overlay-opacity":"","overlay-gradient":""},"mobile":{"background-color":"","background-image":"","background-repeat":"repeat","background-position":"center center","background-size":"auto","background-attachment":"scroll","background-type":"","background-media":"","overlay-type":"","overlay-color":"","overlay-opacity":"","overlay-gradient":""}},"ast-content-background-meta":{"desktop":{"background-color":"var(--ast-global-color-5)","background-image":"","background-repeat":"repeat","background-position":"center center","background-size":"auto","background-attachment":"scroll","background-type":"","background-media":"","overlay-type":"","overlay-color":"","overlay-opacity":"","overlay-gradient":""},"tablet":{"background-color":"var(--ast-global-color-5)","background-image":"","background-repeat":"repeat","background-position":"center center","background-size":"auto","background-attachment":"scroll","background-type":"","background-media":"","overlay-type":"","overlay-color":"","overlay-opacity":"","overlay-gradient":""},"mobile":{"background-color":"var(--ast-global-color-5)","background-image":"","background-repeat":"repeat","background-position":"center center","background-size":"auto","background-attachment":"scroll","background-type":"","background-media":"","overlay-type":"","overlay-color":"","overlay-opacity":"","overlay-gradient":""}},"footnotes":""},"class_list":["post-558","page","type-page","status-publish","hentry"],"uagb_featured_image_src":{"full":false,"thumbnail":false,"medium":false,"medium_large":false,"large":false,"1536x1536":false,"2048x2048":false},"uagb_author_info":{"display_name":"Lea D\u00f6rsam","author_link":"https:\/\/www.tsv-birkenau.de\/index.php\/archives\/author\/lead"},"uagb_comment_info":0,"uagb_excerpt":"Vorstand und Sprecher Verwaltung &amp; Marketing Paul B\u00f6hm Kirchgasse 17 69488 Birkenau Tel. 06201\/33498 e-Mail: Paul.Boehm(\u00e4t)tsv-birkenau.de Vorstand und Sprecher Finanzen Prof. Dr. Klaus-Dieter Hungenberg Ortsstra\u00dfe 135 69488 Birkenau e-Mail: Klaus.Hungenberg(\u00e4t)tsv-birkenau.de [&hellip;]","_links":{"self":[{"href":"https:\/\/www.tsv-birkenau.de\/index.php\/wp-json\/wp\/v2\/pages\/558","targetHints":{"allow":["GET"]}}],"collection":[{"href":"https:\/\/www.tsv-birkenau.de\/index.php\/wp-json\/wp\/v2\/pages"}],"about":[{"href":"https:\/\/www.tsv-birkenau.de\/index.php\/wp-json\/wp\/v2\/types\/page"}],"author":[{"embeddable":true,"href":"https:\/\/www.tsv-birkenau.de\/index.php\/wp-json\/wp\/v2\/users\/5"}],"replies":[{"embeddable":true,"href":"https:\/\/www.tsv-birkenau.de\/index.php\/wp-json\/wp\/v2\/comments?post=558"}],"version-history":[{"count":47,"href":"https:\/\/www.tsv-birkenau.de\/index.php\/wp-json\/wp\/v2\/pages\/558\/revisions"}],"predecessor-version":[{"id":3771,"href":"https:\/\/www.tsv-birkenau.de\/index.php\/wp-json\/wp\/v2\/pages\/558\/revisions\/3771"}],"up":[{"embeddable":true,"href":"https:\/\/www.tsv-birkenau.de\/index.php\/wp-json\/wp\/v2\/pages\/18"}],"wp:attachment":[{"href":"https:\/\/www.tsv-birkenau.de\/index.php\/wp-json\/wp\/v2\/media?parent=558"}],"curies":[{"name":"wp","href":"https:\/\/api.w.org\/{rel}","templated":true}]}}