{"id":573,"date":"2009-07-04T15:59:02","date_gmt":"2009-07-04T14:59:02","guid":{"rendered":"http:\/\/www.tsv-birkenau.de\/?page_id=573"},"modified":"2025-12-25T14:14:20","modified_gmt":"2025-12-25T13:14:20","slug":"vereinspraesentation","status":"publish","type":"page","link":"https:\/\/www.tsv-birkenau.de\/index.php\/der-tsv-birkenau-ev-stellt-sich-vor\/vereinspraesentation","title":{"rendered":"Vereinssatzung\/ -chronik\/ -pr\u00e4sentation"},"content":{"rendered":"\n<figure class=\"wp-block-image alignleft is-resized\"><a href=\"https:\/\/www.tsv-birkenau.de\/wp-content\/upload\/TSV Satzung 2023 final.pdf\" target=\"_blank\" rel=\"noopener\"><img loading=\"lazy\" decoding=\"async\" width=\"440\" height=\"114\" src=\"https:\/\/www.tsv-birkenau.de\/wp-content\/upload\/Satzung.jpg\" alt=\"Satzung\" class=\"wp-image-2075\" style=\"aspect-ratio:3.8411214953271027;width:490px;height:auto\" srcset=\"https:\/\/www.tsv-birkenau.de\/wp-content\/upload\/Satzung.jpg 440w, https:\/\/www.tsv-birkenau.de\/wp-content\/upload\/Satzung-300x77.jpg 300w\" sizes=\"auto, (max-width: 440px) 100vw, 440px\" \/><\/a><figcaption class=\"wp-element-caption\"><br \/><em>(klicken Sie auf das Bild um zur Vereinssatzung zu gelangen<\/em>)<br \/><\/figcaption><\/figure>\n\n\n\n<p><\/p>\n\n\n\n<p><\/p>\n\n\n\n<p><\/p>\n\n\n\n<p><\/p>\n\n\n\n<p><\/p>\n\n\n\n<p><strong>Vereinspr\u00e4sentation (2025)<\/strong><\/p>\n\n\n\n<div data-wp-interactive=\"core\/file\" class=\"wp-block-file\"><object data-wp-bind--hidden=\"!state.hasPdfPreview\" hidden class=\"wp-block-file__embed\" data=\"https:\/\/www.tsv-birkenau.de\/wp-content\/upload\/TSV-Info.pdf\" type=\"application\/pdf\" style=\"width:100%;height:419px\" aria-label=\"Einbettung von TSV-Info.\"><\/object><a id=\"wp-block-file--media-0e1df1ad-8c9f-4abd-b648-1d676561388a\" href=\"https:\/\/www.tsv-birkenau.de\/wp-content\/upload\/TSV-Info.pdf\">TSV-Info<\/a><a href=\"https:\/\/www.tsv-birkenau.de\/wp-content\/upload\/TSV-Info.pdf\" class=\"wp-block-file__button wp-element-button\" download aria-describedby=\"wp-block-file--media-0e1df1ad-8c9f-4abd-b648-1d676561388a\">Herunterladen<\/a><\/div>\n\n\n\n<p><strong>Vereinschronik zum 125 j\u00e4hrigen Vereinsjubil\u00e4um (2011)<\/strong><\/p>\n\n\n\n<figure class=\"wp-block-image\"><a href=\"http:\/\/tribuene.tsv-birkenau.de\/wp-content\/upload\/HeftChronik\/index.html\" target=\"_blank\" rel=\"noopener\"><img decoding=\"async\" src=\"https:\/\/www.tsv-birkenau.de\/wp-content\/upload\/tsv_chronik_2011.jpg\" alt=\"\" title=\"tsv_chronik_2011\"\/><\/a><\/figure>\n\n\n\n<p><em>(klicken Sie auf das Bild um zur Pr\u00e4sentation zu gelangen) <\/em><\/p>\n","protected":false},"excerpt":{"rendered":"<p>Vereinspr\u00e4sentation (2025) Vereinschronik zum 125 j\u00e4hrigen Vereinsjubil\u00e4um (2011) (klicken Sie auf das Bild um zur Pr\u00e4sentation zu gelangen)<\/p>\n","protected":false},"author":5,"featured_media":0,"parent":18,"menu_order":5,"comment_status":"closed","ping_status":"closed","template":"","meta":{"_uag_custom_page_level_css":"","site-sidebar-layout":"default","site-content-layout":"","ast-site-content-layout":"default","site-content-style":"default","site-sidebar-style":"default","ast-global-header-display":"","ast-banner-title-visibility":"","ast-main-header-display":"","ast-hfb-above-header-display":"","ast-hfb-below-header-display":"","ast-hfb-mobile-header-display":"","site-post-title":"","ast-breadcrumbs-content":"","ast-featured-img":"","footer-sml-layout":"","ast-disable-related-posts":"","theme-transparent-header-meta":"","adv-header-id-meta":"","stick-header-meta":"","header-above-stick-meta":"","header-main-stick-meta":"","header-below-stick-meta":"","astra-migrate-meta-layouts":"default","ast-page-background-enabled":"default","ast-page-background-meta":{"desktop":{"background-color":"var(--ast-global-color-4)","background-image":"","background-repeat":"repeat","background-position":"center center","background-size":"auto","background-attachment":"scroll","background-type":"","background-media":"","overlay-type":"","overlay-color":"","overlay-opacity":"","overlay-gradient":""},"tablet":{"background-color":"","background-image":"","background-repeat":"repeat","background-position":"center center","background-size":"auto","background-attachment":"scroll","background-type":"","background-media":"","overlay-type":"","overlay-color":"","overlay-opacity":"","overlay-gradient":""},"mobile":{"background-color":"","background-image":"","background-repeat":"repeat","background-position":"center center","background-size":"auto","background-attachment":"scroll","background-type":"","background-media":"","overlay-type":"","overlay-color":"","overlay-opacity":"","overlay-gradient":""}},"ast-content-background-meta":{"desktop":{"background-color":"var(--ast-global-color-5)","background-image":"","background-repeat":"repeat","background-position":"center center","background-size":"auto","background-attachment":"scroll","background-type":"","background-media":"","overlay-type":"","overlay-color":"","overlay-opacity":"","overlay-gradient":""},"tablet":{"background-color":"var(--ast-global-color-5)","background-image":"","background-repeat":"repeat","background-position":"center center","background-size":"auto","background-attachment":"scroll","background-type":"","background-media":"","overlay-type":"","overlay-color":"","overlay-opacity":"","overlay-gradient":""},"mobile":{"background-color":"var(--ast-global-color-5)","background-image":"","background-repeat":"repeat","background-position":"center center","background-size":"auto","background-attachment":"scroll","background-type":"","background-media":"","overlay-type":"","overlay-color":"","overlay-opacity":"","overlay-gradient":""}},"footnotes":""},"class_list":["post-573","page","type-page","status-publish","hentry"],"uagb_featured_image_src":{"full":false,"thumbnail":false,"medium":false,"medium_large":false,"large":false,"1536x1536":false,"2048x2048":false},"uagb_author_info":{"display_name":"Lea D\u00f6rsam","author_link":"https:\/\/www.tsv-birkenau.de\/index.php\/archives\/author\/lead"},"uagb_comment_info":0,"uagb_excerpt":"Vereinspr\u00e4sentation (2025) Vereinschronik zum 125 j\u00e4hrigen Vereinsjubil\u00e4um (2011) (klicken Sie auf das Bild um zur Pr\u00e4sentation zu gelangen)","_links":{"self":[{"href":"https:\/\/www.tsv-birkenau.de\/index.php\/wp-json\/wp\/v2\/pages\/573","targetHints":{"allow":["GET"]}}],"collection":[{"href":"https:\/\/www.tsv-birkenau.de\/index.php\/wp-json\/wp\/v2\/pages"}],"about":[{"href":"https:\/\/www.tsv-birkenau.de\/index.php\/wp-json\/wp\/v2\/types\/page"}],"author":[{"embeddable":true,"href":"https:\/\/www.tsv-birkenau.de\/index.php\/wp-json\/wp\/v2\/users\/5"}],"replies":[{"embeddable":true,"href":"https:\/\/www.tsv-birkenau.de\/index.php\/wp-json\/wp\/v2\/comments?post=573"}],"version-history":[{"count":29,"href":"https:\/\/www.tsv-birkenau.de\/index.php\/wp-json\/wp\/v2\/pages\/573\/revisions"}],"predecessor-version":[{"id":4438,"href":"https:\/\/www.tsv-birkenau.de\/index.php\/wp-json\/wp\/v2\/pages\/573\/revisions\/4438"}],"up":[{"embeddable":true,"href":"https:\/\/www.tsv-birkenau.de\/index.php\/wp-json\/wp\/v2\/pages\/18"}],"wp:attachment":[{"href":"https:\/\/www.tsv-birkenau.de\/index.php\/wp-json\/wp\/v2\/media?parent=573"}],"curies":[{"name":"wp","href":"https:\/\/api.w.org\/{rel}","templated":true}]}}