{"id":646,"date":"2009-07-05T10:02:42","date_gmt":"2009-07-05T09:02:42","guid":{"rendered":"http:\/\/www.tsv-birkenau.de\/?page_id=646"},"modified":"2024-10-08T09:52:16","modified_gmt":"2024-10-08T08:52:16","slug":"geschichte","status":"publish","type":"page","link":"https:\/\/www.tsv-birkenau.de\/index.php\/der-tsv-birkenau-ev-stellt-sich-vor\/geschichte","title":{"rendered":"Zeitschiene der wichtigsten Ereignisse"},"content":{"rendered":"<p><img loading=\"lazy\" decoding=\"async\" class=\"alignnone size-full wp-image-651\" title=\"geschichte\" src=\"https:\/\/www.tsv-birkenau.de\/wp-content\/upload\/geschichte.jpg\" alt=\"geschichte\" width=\"400\" height=\"139\" srcset=\"https:\/\/www.tsv-birkenau.de\/wp-content\/upload\/geschichte.jpg 400w, https:\/\/www.tsv-birkenau.de\/wp-content\/upload\/geschichte-300x104.jpg 300w\" sizes=\"auto, (max-width: 400px) 100vw, 400px\" \/><\/p>\n<p><strong>1886<\/strong><\/p>\n<p>Gr\u00fcndung des Vereins TV Birkenau<\/p>\n<p><strong>1912<\/strong><\/p>\n<p>Kauf des Tannenbuckels<\/p>\n<p><strong>1924<\/strong><\/p>\n<p>Bildung einer Damen-Turnriege<\/p>\n<p><strong>1924<\/strong><\/p>\n<p>Bau des Schwimmbades<\/p>\n<p><strong>1929<\/strong><\/p>\n<p>Handball wird beim TV Birkenau eingef\u00fchrt<\/p>\n<p><strong>1938<\/strong><\/p>\n<p>Verkauf des Schwimmbades an die Gemeinde<\/p>\n<p><strong>1945<\/strong><\/p>\n<p>Gr\u00fcndung SKG Birkenau; Sportarten sind: Handball, Turnen, Schach, Korbball, Wandern<\/p>\n<p><strong>1947<\/strong><\/p>\n<p>Abteilungen Ski , Rodeln und Tischtennis<\/p>\n<p><strong>1950<\/strong><\/p>\n<p>Gr\u00fcndung TSV Birkenau als Nachfolgeverein des TV 1886<\/p>\n<p><strong>1954<\/strong><\/p>\n<p>Ausbau des Tannenbuckels<\/p>\n<p><strong>1958<\/strong><\/p>\n<p>Schwimmabteilung wird gegr\u00fcndet<\/p>\n<p><strong>1960<\/strong><\/p>\n<p>Aufstieg in die S\u00fcddeutsche Feldhandball Oberliga<\/p>\n<p><strong>1960<\/strong><\/p>\n<p>Bau des Clubhauses auf dem Tannenbuckel mit Umkleidekabinen<\/p>\n<p><strong>1963<\/strong><\/p>\n<p>Gr\u00fcndung der Herren Ib-Mannschaft<\/p>\n<p><strong>1964<\/strong><\/p>\n<p>S\u00fcddeutscher Feldhandballmeister<\/p>\n<p><strong>1964<\/strong><\/p>\n<p>Turner werden Gaumeister in der Oberstufe<\/p>\n<p><strong>1966<\/strong><\/p>\n<p>S\u00fcddeutscher Feldhandballmeister<\/p>\n<p><strong>1966<\/strong><\/p>\n<p>Aufstieg in neugegr\u00fcndete Bundesligen Feld und Halle<\/p>\n<p><strong>1967<\/strong><\/p>\n<p>Damenhandball wird gegr\u00fcndet<\/p>\n<p><strong>1968<\/strong><\/p>\n<p>Ausbau Tannenbuckel mit Trib\u00fcnen und einem Fassungsverm\u00f6gen von 4.000 Zuschauern<\/p>\n<p><strong>1969<\/strong><\/p>\n<p>Abstieg aus Bundesliga Halle<\/p>\n<p><strong>1971<\/strong><\/p>\n<p>S\u00fcddeutscher Hallenhandballmeister<\/p>\n<p><strong>1974<\/strong><\/p>\n<p>Deutscher Feldhandballmeister<\/p>\n<p><strong>1974<\/strong><\/p>\n<p>Volleyballabteilung wird gegr\u00fcndet<\/p>\n<p><strong>1975<\/strong><\/p>\n<p>Einweihung Langenberghalle<\/p>\n<p><strong>1979<\/strong><\/p>\n<p>Aufstieg in die Hallenhandball-Bundesliga<\/p>\n<p><strong>1979<\/strong><\/p>\n<p>A-Jugend ( m\u00e4nnl.) \u00a0S\u00fcddeutscher Vizemeister<\/p>\n<p><strong>1979<\/strong><\/p>\n<p>Aufstieg in die Hallenhandball-Bundesliga<\/p>\n<p>Feier \u201e50 Jahre Handball in Birkenau\u201c<\/p>\n<p><strong>1980<\/strong><\/p>\n<p>Abstieg aus Hallenhandball-Bundesliga<\/p>\n<p><strong>1981<\/strong><\/p>\n<p>Qualifizierung f\u00fcr neugeschaffene 2. Hallenhandball-Bundesliga<\/p>\n<p><strong>1983<\/strong><\/p>\n<p>Deutscher C-Jugendmeister ( m\u00e4nnl. )<\/p>\n<p><strong>1986<\/strong><\/p>\n<p>Abstieg aus 2. Hallenhandballbundesliga<\/p>\n<p><strong>1986<\/strong><\/p>\n<p>Abteilung Radsport wird gegr\u00fcndet<\/p>\n<p><strong>1986<\/strong><\/p>\n<p>Feier 100 Jahre Vereinssport in Birkenau mit gro\u00dfer Jubil\u00e4umsveranstaltung in der S\u00fcdhessenhalle<\/p>\n<p><strong>1987<\/strong><\/p>\n<p>Jazztanzabteilung hat 40 Aktive<\/p>\n<p><strong>1987<\/strong><\/p>\n<p>Bahnradfahren und Querfeldeinfahren neu in der Radsportabteilung<\/p>\n<p><strong>1988<\/strong><\/p>\n<p>M\u00e4nnl. A- und B-Jugend Badischer Meister<\/p>\n<p><strong>1988<\/strong><\/p>\n<p>M\u00e4nnl. A-Jugend S\u00fcddeutscher Meister<\/p>\n<p><strong>1988<\/strong><\/p>\n<p>Andreas Hoffmann Bronzemedaille bei Gesamtbadischen Bahnradmeisterschaften<\/p>\n<p><strong>1990<\/strong><\/p>\n<p>Jazztanzgruppe schafft Ranggruppe 2 beim Deutschen Turnfest in Dortmund<\/p>\n<p><strong>1990<\/strong><\/p>\n<p>Erstes Tannenbuckelturnier<\/p>\n<p><strong>1992<\/strong><\/p>\n<p>Damenmannschaft etabliert sich in der Landesliga<\/p>\n<p><strong>1993<\/strong><\/p>\n<p>25 Jahre Damenhandball<\/p>\n<p><strong>1996<\/strong><\/p>\n<p>TSV mit neuem Jugend-Handball-Konzept mit Klaus Feldmann<\/p>\n<p><strong>1996<\/strong><\/p>\n<p>Anbau am neuen Clubhaus<\/p>\n<p><strong>1997<\/strong><\/p>\n<p>Erster Aerobic-Kurs beim TSV mit 30 Teilnehmern Gesundheitssport wird ausgebaut mit 8 Angeboten<\/p>\n<p><strong>1997<\/strong><\/p>\n<p>1.500 Handballspiele durch Ladislaus La\u00dflop<\/p>\n<p><strong>1997<\/strong><\/p>\n<p>50 Jahre Tischtennis beim TSV mit Jubil\u00e4umsveranstaltung und S\u00fcddeutschen Pokalmeisterschaften gefeiert<\/p>\n<p><strong>1997<\/strong><\/p>\n<p>Aufstieg der Handball-Damen in die Oberliga<\/p>\n<p><strong>1998<\/strong><\/p>\n<p>Gesundheitssport wird verst\u00e4rkt u.a. Wassergymnastik und Yoga<\/p>\n<p><strong>1999<\/strong><\/p>\n<p>1. Tannenbuckelturnier im Juni<\/p>\n<p><strong>2000<\/strong><\/p>\n<p>1. Herrenmannschaft qualifiziert sich f\u00fcr die neu geschaffene Baden-W\u00fcrttemberg-Oberliga<\/p>\n<p><strong>2001<\/strong><\/p>\n<p>Turnen und Gesundheitssport werden mit breitem Angebot weiter ausgebaut<\/p>\n<p><strong>2002<\/strong><\/p>\n<p>Damen steigen mit 20:19 Sieg gegen SG Walldorf in die BW-Oberliga auf<\/p>\n<p><strong>2005<\/strong><\/p>\n<p>TSV Handballnachwuchs in allen Ligen vertreten, m\u00e4nnl. und weibl. A-Jugend in Oberliga, ebenso weibl. B-Jugend<\/p>\n<p><strong>2006<\/strong><\/p>\n<p>Damen Badischer Meister<\/p>\n<p>M\u00e4nnl.- B-Jugend Badischer Meister<\/p>\n<p><strong>2007<\/strong><\/p>\n<p>1. Herrenmannschaft steigt in Regionalliga auf<\/p>\n<p><strong>2007<\/strong><\/p>\n<p>Tanzsport Discofox wird neue Abteilung<\/p>\n<p><strong>2008<\/strong><\/p>\n<p>1. Herrenmannschaft steigt wieder in der BWOL ab<\/p>\n<p><strong>2008<\/strong><\/p>\n<p>Radsportabteilung wird reaktiviert<\/p>\n<p><strong>2008<\/strong><\/p>\n<p>Generalversammlung beschlie\u00dft Bau einer eigenen Trainingshalle am Langenberg. Die Halle soll Hermann-Sattler-Halle hei\u00dfen<\/p>\n<p><strong>2009<\/strong><\/p>\n<p>1. Damenmannschaft steigt in die BWOL auf<\/p>\n<p>Weibl. A-Jugend Badischer Meister<\/p>\n<p><strong>2011<\/strong><\/p>\n<p>Herren in der Badenliga<\/p>\n<p>125 j\u00e4hriges Vereinsjubil\u00e4um<br \/>\nmit dem Festkommers im Vereinshaus Birkenau im April, der TSV-Sport-Gala in der Langenberghalle Birkenau im Mai, dem\u00a0 Tannenbuckelturnier und der Dino-Tour der Ballschule Heidelberg auf dem Tannenbuckel im Juni und dem Spiel der 1. Herrenmannschaft gegen den TV Gro\u00dfwallstadt im August<\/p>\n<p><strong>2012<\/strong><\/p>\n<p>Weibl. B-Jugend nimmt erstmals an den Spielen um die Deutsche Meisterschaft teil<\/p>\n<p><strong>2013 <\/strong><\/p>\n<p>Weibl. A-jugendqualifiziert sich f\u00fcr neugeschaffene A-Jugend-Bundesliga<\/p>\n<p><strong>2014<\/strong><\/p>\n<p>Damen werden Badischer Meister und steigen in die Baden-W\u00fcrttemberg-Oberliga auf<\/p>\n<p>Weibl. B-Jugend erreicht 4. Platz bei den Deutschen Meisterschaften<\/p>\n<p>Weibl. A-Jugend erreicht das Viertelfinale um die Deutsche Meisterschaft<\/p>\n<p><strong>2015<\/strong><\/p>\n<p>Weibl. A-Jugend erreicht erneut das Viertelfinale um die Deutsche Meisterschaft<\/p>\n<p>Damen Ib Mannschaft steigt in die Badenliga auf<\/p>\n<p><strong>2016 <\/strong><\/p>\n<p>Damen spielen in der 3. Liga<\/p>\n<p><strong>2018<\/strong><\/p>\n<p>50 Jahre Demenhandball mit Benefizspiel gegen TSV Auerbach<\/p>\n<p>&nbsp;<\/p>\n<p><img loading=\"lazy\" decoding=\"async\" class=\"alignnone size-full wp-image-700\" title=\"geschichte2\" src=\"https:\/\/www.tsv-birkenau.de\/wp-content\/upload\/geschichte2.jpg\" alt=\"geschichte2\" width=\"400\" height=\"139\" srcset=\"https:\/\/www.tsv-birkenau.de\/wp-content\/upload\/geschichte2.jpg 400w, https:\/\/www.tsv-birkenau.de\/wp-content\/upload\/geschichte2-300x104.jpg 300w\" sizes=\"auto, (max-width: 400px) 100vw, 400px\" \/><\/p>\n","protected":false},"excerpt":{"rendered":"<p>1886 Gr\u00fcndung des Vereins TV Birkenau 1912 Kauf des Tannenbuckels 1924 Bildung einer Damen-Turnriege 1924 Bau des Schwimmbades 1929 Handball wird beim TV Birkenau eingef\u00fchrt 1938 Verkauf des Schwimmbades an [&hellip;]<\/p>\n","protected":false},"author":5,"featured_media":0,"parent":18,"menu_order":1,"comment_status":"closed","ping_status":"open","template":"","meta":{"_uag_custom_page_level_css":"","site-sidebar-layout":"default","site-content-layout":"","ast-site-content-layout":"default","site-content-style":"default","site-sidebar-style":"default","ast-global-header-display":"","ast-banner-title-visibility":"","ast-main-header-display":"","ast-hfb-above-header-display":"","ast-hfb-below-header-display":"","ast-hfb-mobile-header-display":"","site-post-title":"","ast-breadcrumbs-content":"","ast-featured-img":"","footer-sml-layout":"","ast-disable-related-posts":"","theme-transparent-header-meta":"","adv-header-id-meta":"","stick-header-meta":"","header-above-stick-meta":"","header-main-stick-meta":"","header-below-stick-meta":"","astra-migrate-meta-layouts":"default","ast-page-background-enabled":"default","ast-page-background-meta":{"desktop":{"background-color":"var(--ast-global-color-4)","background-image":"","background-repeat":"repeat","background-position":"center center","background-size":"auto","background-attachment":"scroll","background-type":"","background-media":"","overlay-type":"","overlay-color":"","overlay-opacity":"","overlay-gradient":""},"tablet":{"background-color":"","background-image":"","background-repeat":"repeat","background-position":"center center","background-size":"auto","background-attachment":"scroll","background-type":"","background-media":"","overlay-type":"","overlay-color":"","overlay-opacity":"","overlay-gradient":""},"mobile":{"background-color":"","background-image":"","background-repeat":"repeat","background-position":"center center","background-size":"auto","background-attachment":"scroll","background-type":"","background-media":"","overlay-type":"","overlay-color":"","overlay-opacity":"","overlay-gradient":""}},"ast-content-background-meta":{"desktop":{"background-color":"var(--ast-global-color-5)","background-image":"","background-repeat":"repeat","background-position":"center center","background-size":"auto","background-attachment":"scroll","background-type":"","background-media":"","overlay-type":"","overlay-color":"","overlay-opacity":"","overlay-gradient":""},"tablet":{"background-color":"var(--ast-global-color-5)","background-image":"","background-repeat":"repeat","background-position":"center center","background-size":"auto","background-attachment":"scroll","background-type":"","background-media":"","overlay-type":"","overlay-color":"","overlay-opacity":"","overlay-gradient":""},"mobile":{"background-color":"var(--ast-global-color-5)","background-image":"","background-repeat":"repeat","background-position":"center center","background-size":"auto","background-attachment":"scroll","background-type":"","background-media":"","overlay-type":"","overlay-color":"","overlay-opacity":"","overlay-gradient":""}},"footnotes":""},"class_list":["post-646","page","type-page","status-publish","hentry"],"uagb_featured_image_src":{"full":false,"thumbnail":false,"medium":false,"medium_large":false,"large":false,"1536x1536":false,"2048x2048":false},"uagb_author_info":{"display_name":"Lea D\u00f6rsam","author_link":"https:\/\/www.tsv-birkenau.de\/index.php\/archives\/author\/lead"},"uagb_comment_info":0,"uagb_excerpt":"1886 Gr\u00fcndung des Vereins TV Birkenau 1912 Kauf des Tannenbuckels 1924 Bildung einer Damen-Turnriege 1924 Bau des Schwimmbades 1929 Handball wird beim TV Birkenau eingef\u00fchrt 1938 Verkauf des Schwimmbades an [&hellip;]","_links":{"self":[{"href":"https:\/\/www.tsv-birkenau.de\/index.php\/wp-json\/wp\/v2\/pages\/646","targetHints":{"allow":["GET"]}}],"collection":[{"href":"https:\/\/www.tsv-birkenau.de\/index.php\/wp-json\/wp\/v2\/pages"}],"about":[{"href":"https:\/\/www.tsv-birkenau.de\/index.php\/wp-json\/wp\/v2\/types\/page"}],"author":[{"embeddable":true,"href":"https:\/\/www.tsv-birkenau.de\/index.php\/wp-json\/wp\/v2\/users\/5"}],"replies":[{"embeddable":true,"href":"https:\/\/www.tsv-birkenau.de\/index.php\/wp-json\/wp\/v2\/comments?post=646"}],"version-history":[{"count":14,"href":"https:\/\/www.tsv-birkenau.de\/index.php\/wp-json\/wp\/v2\/pages\/646\/revisions"}],"predecessor-version":[{"id":2600,"href":"https:\/\/www.tsv-birkenau.de\/index.php\/wp-json\/wp\/v2\/pages\/646\/revisions\/2600"}],"up":[{"embeddable":true,"href":"https:\/\/www.tsv-birkenau.de\/index.php\/wp-json\/wp\/v2\/pages\/18"}],"wp:attachment":[{"href":"https:\/\/www.tsv-birkenau.de\/index.php\/wp-json\/wp\/v2\/media?parent=646"}],"curies":[{"name":"wp","href":"https:\/\/api.w.org\/{rel}","templated":true}]}}